{"id":49423,"date":"2026-02-19T21:08:10","date_gmt":"2026-02-19T21:08:10","guid":{"rendered":"https:\/\/grupojota.com\/?page_id=49423"},"modified":"2026-02-19T22:03:02","modified_gmt":"2026-02-19T22:03:02","slug":"politica-de-privacidade","status":"publish","type":"page","link":"https:\/\/grupojota.com\/en\/politica-de-privacidade\/","title":{"rendered":"Privacy Policy"},"content":{"rendered":"<h2>1. Introdu\u00e7\u00e3o<\/h2>\n<p>Jorge Teixeira &amp; Faria, Lda. com o endere\u00e7o web (https:\/\/grupojota.com). Somos uma empresa sediada em Braga, como atividade desenvolvemos projetos \u00e0 medida atrav\u00e9s de solu\u00e7\u00f5es sofisticadas em home cinema, dom\u00f3tica, seguran\u00e7a, audiovisuais e ilumina\u00e7\u00e3o. Leia esta Pol\u00edtica de Privacidade e d\u00ea o seu consentimento a ambos os documentos para poder utilizar os nossos servi\u00e7os.<\/p>\n<h2>2. Recolha de Dados<\/h2>\n<h5>Local de Armazenamento dos Dados<\/h5>\n<p>O nosso fornecedor de alojamento adere ao \u201cEscudo de Privacidade\u201d UE\/EUA, garantindo que os seus dados s\u00e3o armazenados de forma segura e est\u00e3o em conformidade com o RGPD.<\/p>\n<h3>Coment\u00e1rios<\/h3>\n<p>Quando o utilizador deixa coment\u00e1rios no website, recolhemos os dados apresentados no formul\u00e1rio de coment\u00e1rios, bem como o endere\u00e7o IP e a cadeia de agentes do utilizador do navegador para ajudar a detetar spam.<\/p>\n<h3>Formul\u00e1rio de Contacto<\/h3>\n<p>As informa\u00e7\u00f5es submetidas atrav\u00e9s do formul\u00e1rio de contacto no nosso site s\u00e3o enviadas para o e-mail da nossa empresa, alojado pela PTISP.<\/p>\n<p>Estas informa\u00e7\u00f5es s\u00e3o guardadas apenas para fins de servi\u00e7o ao cliente e nunca s\u00e3o utilizadas para fins de marketing ou partilhadas com terceiros.<\/p>\n<h3>Google Analytics<\/h3>\n<p>Utilizamos o Google Analytics no nosso s\u00edtio para obter relat\u00f3rios an\u00f3nimos sobre a utiliza\u00e7\u00e3o do s\u00edtio. Assim, n\u00e3o s\u00e3o armazenados dados personalizados. Se pretender optar por n\u00e3o permitir que o Google Analytics monitoriza\u00e7\u00e3o do seu comportamento no nosso website, utilize esta liga\u00e7\u00e3o: <a href=\"https:\/\/tools.google.com\/dlpage\/gaoptout\/\">Google Analytics Opt-out.<\/a><\/p>\n<h2>3. Conte\u00fado Embutido<\/h2>\n<p>As p\u00e1ginas deste website podem incluir conte\u00fados incorporados, como v\u00eddeos do YouTube, por exemplo. O conte\u00fado incorporado de outros s\u00edtios Web comportam-se exatamente da mesma forma como se tivesse visitado o outro s\u00edtio Web.<\/p>\n<p>Estes podem recolher dados sobre si, utilizar cookies, incorporar rastreio adicional de terceiros e monitorar a sua intera\u00e7\u00e3o com esse conte\u00fado incorporado, incluindo o rastreio da sua intera\u00e7\u00e3o com o conte\u00fado incorporado se tiver uma conta e estiver ligado a esse s\u00edtio Web. Abaixo pode encontrar uma lista dos servi\u00e7os que utilizamos:<\/p>\n<h3>Facebook<\/h3>\n<p>O plug-in de p\u00e1gina do Facebook \u00e9 utilizado para apresentar a nossa linha de tempo do Facebook no nosso s\u00edtio. O Facebook tem as suas pr\u00f3prias pol\u00edticas de cookies e de privacidade, sobre as quais n\u00e3o temos qualquer controlo. N\u00e3o h\u00e1 instala\u00e7\u00e3o de cookies do Facebook e o seu IP n\u00e3o \u00e9 enviado para um servidor do Facebook at\u00e9 que o autorize. Ver a sua pol\u00edtica de privacidade aqui: <a href=\"https:\/\/www.facebook.com\/privacy\/center\/\">Facebook Privacy Policy<\/a> .<\/p>\n<h3>Youtube<\/h3>\n<p>Utilizamos v\u00eddeos do YouTube incorporados no nosso website. O YouTube tem as suas pr\u00f3prias pol\u00edticas de cookies e de privacidade, sobre as quais n\u00e3o temos qualquer controlo. N\u00e3o h\u00e1 instala\u00e7\u00e3o de cookies do YouTube e o seu IP n\u00e3o \u00e9 enviado para um servidor do YouTube at\u00e9 que d\u00ea o seu consentimento. Ver a sua pol\u00edtica de privacidade aqui: <a href=\"https:\/\/www.youtube.com\/static?template=privacy_guidelines\">YouTube Privacy Policy<\/a>.<\/p>\n<h2>4. Cookies<\/h2>\n<p>Este website utiliza cookies \u2013 pequenos ficheiros de texto que s\u00e3o colocados no seu computador para ajudar o website a proporcionar uma melhor experi\u00eancia ao utilizador. Em geral, os cookies s\u00e3o utilizados para manter as prefer\u00eancias do utilizador, armazenar informa\u00e7\u00f5es para coisas como carrinhos de compras e fornecer dados de rastreio an\u00f3nimos a aplica\u00e7\u00f5es de terceiros, como o Google Analytics. Os cookies existem geralmente para melhorar a experi\u00eancia de navega\u00e7\u00e3o do utilizador. No entanto, o utilizador pode preferir desativar os cookies neste website e noutros. A forma mais eficaz de o fazer \u00e9 desativar os cookies no seu browser. Sugerimos que consulte a sec\u00e7\u00e3o de ajuda do seu browser.<\/p>\n<h3>Cookies Necess\u00e1rios (todos os visitantes do website)<\/h3>\n<p>PHPSESSID: Para identificar a sua sess\u00e3o \u00fanica no website.<\/p>\n<h3>\nCookies Necess\u00e1rios (adicionais para clientes registados)<\/h3>\n<p>wp-auth: Utilizado pelo WordPress para autenticar os visitantes com sess\u00e3o iniciada, autentica\u00e7\u00e3o da palavra-passe e verifica\u00e7\u00e3o do utilizador.<br \/>\nwordpress_logged_in_{hash}: Utilizado pelo WordPress para autenticar os visitantes com sess\u00e3o iniciada, autentica\u00e7\u00e3o da palavra-passe e verifica\u00e7\u00e3o do utilizador.<br \/>\nwordpress_test_cookie Utilizado pelo WordPress para garantir que os cookies est\u00e3o a funcionar corretamente.<br \/>\nwp-settings-[UID]: O WordPress define alguns cookies wp-settings-[UID]. O n\u00famero no final \u00e9 o seu ID de utilizador individual da tabela da base de dados de utilizadores. Este \u00e9 utilizado para personalizar a sua visualiza\u00e7\u00e3o da interface de administra\u00e7\u00e3o e, possivelmente, tamb\u00e9m a interface principal do s\u00edtio.<br \/>\nwp-settings-[UID]:O WordPress tamb\u00e9m define alguns cookies wp-settings-{time}-[UID]. O n\u00famero no final \u00e9 o seu ID de utilizador individual da tabela da base de dados de utilizadores. Este \u00e9 utilizado para personalizar a sua visualiza\u00e7\u00e3o da interface de administra\u00e7\u00e3o e, possivelmente, tamb\u00e9m da interface principal do s\u00edtio.<\/p>\n<h2>\n5. Quem Tem Acesso aos Seus Dados<\/h2>\n<p>Se n\u00e3o for um cliente registado no nosso website, n\u00e3o h\u00e1 informa\u00e7\u00f5es pessoais que possamos reter ou visualizar sobre si.<\/p>\n<p>Se for um cliente com uma conta registada, as suas informa\u00e7\u00f5es pessoais podem ser acedidas por:<\/p>\n<ul>\n<li>Os nossos administradores de sistema.<\/li>\n<li>Os nossos apoiantes, quando estes (para prestar apoio) necessitarem de obter informa\u00e7\u00f5es sobre as contas e o acesso dos clientes.<\/li>\n<\/ul>\n<h2>6. Acesso de Terceiros aos Seus Sados<\/h2>\n<p>N\u00e3o partilhamos os seus dados com terceiros de forma a revelar qualquer informa\u00e7\u00e3o pessoal, como o seu e-mail, nome, etc.<\/p>\n<h2>\n7. Durante Quanto Tempo Guardamos os Dados do Utilizador<\/h2>\n<p>Quando envia um pedido de assist\u00eancia ou um coment\u00e1rio, os metadados s\u00e3o retidos at\u00e9 (se) nos pedir para os remover. Utilizamos estes dados para o podermos reconhecer e aprovar automaticamente os seus coment\u00e1rios, em vez de os reter para modera\u00e7\u00e3o.<\/p>\n<p>Se se registar no nosso Website, tamb\u00e9m armazenamos as informa\u00e7\u00f5es pessoais que fornece no seu perfil de utilizador. Pode ver, editar ou eliminar as suas informa\u00e7\u00f5es pessoais em qualquer altura (exceto alterar o seu nome de utilizador). Os administradores do s\u00edtio Web tamb\u00e9m podem ver e editar essas informa\u00e7\u00f5es.<\/p>\n<h2>\n8. Medidas de Seguran\u00e7a<\/h2>\n<p>Utilizamos o protocolo SSL\/HTTPS em todo o nosso website. Este protocolo encripta as comunica\u00e7\u00f5es dos nossos utilizadores com os servidores, de modo a que as informa\u00e7\u00f5es de identifica\u00e7\u00e3o pessoal n\u00e3o sejam capturadas\/violadas por terceiros sem autoriza\u00e7\u00e3o.<\/p>\n<p>Em caso de viola\u00e7\u00e3o de dados, os administradores do sistema tomar\u00e3o imediatamente todas as medidas necess\u00e1rias para garantir a integridade do sistema, contactar\u00e3o os utilizadores afectados e tentar\u00e3o repor as palavras-passe, se necess\u00e1rio.<br \/>\n9. Os Seus Sireitos Sobre os Sados<\/p>\n<h3>Direitos Gerais<\/h3>\n<p>Se tiver uma conta registada neste website ou tiver deixado coment\u00e1rios, pode solicitar um ficheiro exportado dos dados pessoais que conservamos, incluindo quaisquer dados adicionais que nos tenha fornecido.<\/p>\n<p>Tamb\u00e9m pode solicitar a elimina\u00e7\u00e3o de quaisquer dados pessoais que tenhamos guardado. Isto n\u00e3o inclui quaisquer dados que sejamos obrigados a manter para fins administrativos, legais ou de seguran\u00e7a. Em suma, n\u00e3o podemos apagar dados que sejam vitais para o utilizador ser um cliente ativo (ou seja, informa\u00e7\u00f5es b\u00e1sicas da conta, como um endere\u00e7o de correio eletr\u00f3nico).<br \/>\nSe o utilizador desejar que todos os seus dados sejam apagados, deixaremos de poder oferecer-lhe qualquer apoio ou outros servi\u00e7os relacionados com o produto.<\/p>\n<h3>Direitos GDPR<\/h3>\n<p>A sua privacidade \u00e9 extremamente importante para n\u00f3s. Ao avan\u00e7ar com o GDPR, pretendemos apoiar o padr\u00e3o GDPR. A Taipas Sa\u00fade permite que os residentes da Uni\u00e3o Europeia utilizem o seu Servi\u00e7o. Por conseguinte, a inten\u00e7\u00e3o \u00e9 cumprir o Regulamento Geral Europeu de Prote\u00e7\u00e3o de Dados. Para mais pormenores, consulte aqui: EU GDPR Information Portal.<\/p>\n<h2>\n10. Websites de Terceiros<\/h2>\n<p>Taipas Sa\u00fade pode colocar liga\u00e7\u00f5es no website de terceiros. Estas hiperliga\u00e7\u00f5es de terceiros n\u00e3o s\u00e3o controlados pela Taipas Sa\u00fade relativamente \u00e0 conformidade com a privacidade ou seguran\u00e7a e o utilizador isenta-nos de qualquer responsabilidade pela conduta destes websites de terceiros.<br \/>\nTodos os links de partilha de redes sociais, quer sejam apresentados como links de texto ou \u00edcones de redes sociais, n\u00e3o o ligam a nenhum dos terceiros associados, a menos que clique explicitamente neles.<\/p>\n<p>Tenha em aten\u00e7\u00e3o que esta Pol\u00edtica de Privacidade e quaisquer outras pol\u00edticas em vigor, para al\u00e9m de quaisquer altera\u00e7\u00f5es, n\u00e3o criam direitos aplic\u00e1veis por terceiros nem exigem a divulga\u00e7\u00e3o de quaisquer informa\u00e7\u00f5es pessoais relacionadas com os membros do Servi\u00e7o ou do Site. A Taipas Sa\u00fade n\u00e3o se responsabiliza pela informa\u00e7\u00e3o recolhida ou utilizada por qualquer anunciante ou website de terceiros. Por favor, reveja a pol\u00edtica de privacidade e os termos de servi\u00e7o de cada site que visitar atrav\u00e9s de liga\u00e7\u00f5es de terceiros.<\/p>\n<h2>11. Divulga\u00e7\u00e3o dos Seus Dados para Fins Legais<\/h2>\n<p>Por vezes, pode ser necess\u00e1rio ou desej\u00e1vel que a Taipas Sa\u00fade, para fins legais, divulgue as suas informa\u00e7\u00f5es em resposta a um pedido de uma ag\u00eancia governamental ou de um litigante privado. O utilizador concorda que podemos divulgar as suas informa\u00e7\u00f5es a terceiros quando acreditamos, de boa f\u00e9, que \u00e9 desej\u00e1vel faz\u00ea-lo para efeitos de uma a\u00e7\u00e3o civil, investiga\u00e7\u00e3o criminal ou outro assunto legal. No caso de recebermos uma intimida\u00e7\u00e3o que afecte a sua privacidade, podemos optar por notific\u00e1-lo para lhe dar a oportunidade de apresentar uma mo\u00e7\u00e3o para anular a intimida\u00e7\u00e3o, ou podemos tentar anul\u00e1-la n\u00f3s pr\u00f3prios, mas n\u00e3o somos obrigados a faz\u00ea-lo. Poderemos tamb\u00e9m denunci\u00e1-lo proactivamente e divulgar as suas informa\u00e7\u00f5es a terceiros quando considerarmos que \u00e9 prudente faz\u00ea-lo por motivos legais, como a nossa convic\u00e7\u00e3o de que se envolveu em actividades fraudulentas. O utilizador isenta-nos de quaisquer danos que possam surgir ou estar relacionados com a divulga\u00e7\u00e3o das suas informa\u00e7\u00f5es a pedido de ag\u00eancias de aplica\u00e7\u00e3o da lei ou de litigantes privados.<\/p>\n<p>Qualquer transmiss\u00e3o de dados pessoais para fins legais s\u00f3 ser\u00e1 efectuada em conformidade com a legisla\u00e7\u00e3o do pa\u00eds em que reside.<\/p>\n<h2>\n12. Contacto<\/h2>\n<p>Se tiver d\u00favidas ou preocupa\u00e7\u00f5es sobre esta Pol\u00edtica de Privacidade, entre em contato conosco atrav\u00e9s dos dados de contato fornecidos em nosso site.<\/p>\n","protected":false},"excerpt":{"rendered":"<p>1. Introdu\u00e7\u00e3o Jorge Teixeira &amp; Faria, Lda. com o endere\u00e7o web (https:\/\/grupojota.com). Somos uma empresa sediada em Braga, como atividade desenvolvemos projetos \u00e0 medida atrav\u00e9s de solu\u00e7\u00f5es sofisticadas em home cinema, dom\u00f3tica, seguran\u00e7a, audiovisuais e ilumina\u00e7\u00e3o. Leia esta Pol\u00edtica de Privacidade e d\u00ea o seu consentimento a ambos os documentos para poder utilizar os nossos [&hellip;]<\/p>\n","protected":false},"author":1,"featured_media":0,"parent":0,"menu_order":0,"comment_status":"closed","ping_status":"open","template":"","meta":{"_monsterinsights_skip_tracking":false,"_monsterinsights_sitenote_active":false,"_monsterinsights_sitenote_note":"","_monsterinsights_sitenote_category":0,"footnotes":""},"class_list":["post-49423","page","type-page","status-publish","hentry"],"aioseo_notices":[],"_links":{"self":[{"href":"https:\/\/grupojota.com\/en\/wp-json\/wp\/v2\/pages\/49423","targetHints":{"allow":["GET"]}}],"collection":[{"href":"https:\/\/grupojota.com\/en\/wp-json\/wp\/v2\/pages"}],"about":[{"href":"https:\/\/grupojota.com\/en\/wp-json\/wp\/v2\/types\/page"}],"author":[{"embeddable":true,"href":"https:\/\/grupojota.com\/en\/wp-json\/wp\/v2\/users\/1"}],"replies":[{"embeddable":true,"href":"https:\/\/grupojota.com\/en\/wp-json\/wp\/v2\/comments?post=49423"}],"version-history":[{"count":5,"href":"https:\/\/grupojota.com\/en\/wp-json\/wp\/v2\/pages\/49423\/revisions"}],"predecessor-version":[{"id":49429,"href":"https:\/\/grupojota.com\/en\/wp-json\/wp\/v2\/pages\/49423\/revisions\/49429"}],"wp:attachment":[{"href":"https:\/\/grupojota.com\/en\/wp-json\/wp\/v2\/media?parent=49423"}],"curies":[{"name":"wp","href":"https:\/\/api.w.org\/{rel}","templated":true}]}}