{"id":3,"date":"2026-02-06T12:02:05","date_gmt":"2026-02-06T12:02:05","guid":{"rendered":"https:\/\/grupojota.com\/?page_id=3"},"modified":"2026-02-19T20:57:53","modified_gmt":"2026-02-19T20:57:53","slug":"politica-de-cookies","status":"publish","type":"page","link":"https:\/\/grupojota.com\/en\/politica-de-cookies\/","title":{"rendered":"Cookie Policy"},"content":{"rendered":"<p><!-- Start CookieYes cookie policy --><\/p>\n<style>\n  a.cky-banner-element {\n    padding: 8px 30px;\n    background: #f8f9fa;\n    color: #858a8f;\n    border: 1px solid #dee2e6;\n    box-sizing: border-box;\n    border-radius: 2px;\n    cursor: pointer\n  }\n<\/style>\n<div class=\"cookie-policy-date-container\">\n<p>Data de entrada em vigor: 19 de fevereiro de 2026<\/p>\n<p>\u00daltima atualiza\u00e7\u00e3o: 19 de fevereiro de 2026<\/p>\n<\/div>\n<p>&nbsp;<\/p>\n<h2>O que s\u00e3o cookies?<\/h2>\n<div class=\"cookie-policy-p\">\n<p>Esta Pol\u00edtica de Cookies explica o que s\u00e3o cookies, como os utilizamos, os tipos de cookies que usamos (ou seja, as informa\u00e7\u00f5es que recolhemos atrav\u00e9s dos cookies e como essas informa\u00e7\u00f5es s\u00e3o utilizadas) e como gerir as suas defini\u00e7\u00f5es de cookies.<\/p>\n<p>Os cookies s\u00e3o pequenos ficheiros de texto utilizados para armazenar pequenas quantidades de informa\u00e7\u00e3o. S\u00e3o guardados no seu dispositivo quando um website \u00e9 carregado no seu navegador. Estes cookies ajudam a garantir o correto funcionamento do website, aumentam a seguran\u00e7a, proporcionam uma melhor experi\u00eancia ao utilizador e permitem analisar o desempenho para identificar o que funciona e onde s\u00e3o necess\u00e1rias melhorias.<\/p>\n<\/div>\n<p>&nbsp;<\/p>\n<h2>Como utilizamos os cookies?<\/h2>\n<div class=\"cookie-policy-p\">\n<p>Tal como a maioria dos servi\u00e7os online, o nosso website utiliza cookies pr\u00f3prios e de terceiros para diversos fins. Os cookies pr\u00f3prios s\u00e3o principalmente necess\u00e1rios para que o website funcione corretamente e n\u00e3o recolhem quaisquer dados pessoais identific\u00e1veis.<\/p>\n<p>Os cookies de terceiros utilizados no nosso website ajudam principalmente a compreender como o website funciona, a monitorizar a forma como interage com ele, a manter os nossos servi\u00e7os seguros, a apresentar an\u00fancios relevantes e a melhorar a sua experi\u00eancia global de utiliza\u00e7\u00e3o, bem como a aumentar a rapidez das suas futuras intera\u00e7\u00f5es com o nosso website.<\/p>\n<\/div>\n<p>&nbsp;<\/p>\n<h2>Tipos de cookies que utilizamos<\/h2>\n<div class=\"cky-audit-table-element\"><\/div>\n<p>&nbsp;<\/p>\n<h2 style=\"margin-bottom: 20px\">Gerir prefer\u00eancias de cookies<\/h2>\n<p><a class=\"cky-banner-element\">Privacy Preferences<\/a><\/p>\n<div>\n<p>Pode modificar as suas defini\u00e7\u00f5es de cookies a qualquer momento clicando no bot\u00e3o &#8220;Prefer\u00eancias de Consentimento&#8221; acima. Isto permitir-lhe-\u00e1 rever o banner de consentimento de cookies e atualizar as suas prefer\u00eancias ou retirar o seu consentimento imediatamente.<\/p>\n<p>Al\u00e9m disso, diferentes navegadores oferecem v\u00e1rios m\u00e9todos para bloquear e eliminar os cookies utilizados pelos websites. Pode ajustar as defini\u00e7\u00f5es do seu navegador para bloquear ou eliminar cookies. Abaixo encontra liga\u00e7\u00f5es para documentos de apoio sobre como gerir e eliminar cookies nos principais navegadores web.<\/p>\n<p>Chrome: <a target=\"_blank\" rel=\"noopener noreferrer\" href=\"https:\/\/support.google.com\/accounts\/answer\/32050\">https:\/\/support.google.com\/accounts\/answer\/32050<\/a><\/p>\n<p>Safari: <a target=\"_blank\" rel=\"noopener noreferrer\" href=\"https:\/\/support.apple.com\/en-in\/guide\/safari\/sfri11471\/mac\">https:\/\/support.apple.com\/en-in\/guide\/safari\/sfri11471\/mac<\/a><\/p>\n<p>Firefox: <a target=\"_blank\" rel=\"noopener noreferrer\" href=\"https:\/\/support.mozilla.org\/en-US\/kb\/clear-cookies-and-site-data-firefox?redirectslug=delete-cookies-remove-info-websites-stored&#038;redirectlocale=en-US\">https:\/\/support.mozilla.org\/en-US\/kb\/clear-cookies-and-site-data-firefox?redirectslug=delete-cookies-remove-info-websites-stored&#038;redirectlocale=en-US<\/a><\/p>\n<p>Internet Explorer: <a target=\"_blank\" rel=\"noopener noreferrer\" href=\"https:\/\/support.microsoft.com\/en-us\/topic\/how-to-delete-cookie-files-in-internet-explorer-bca9446f-d873-78de-77ba-d42645fa52fc\">https:\/\/support.microsoft.com\/en-us\/topic\/how-to-delete-cookie-files-in-internet-explorer-bca9446f-d873-78de-77ba-d42645fa52fc<\/a><\/p>\n<p>Se estiver a utilizar um navegador diferente, consulte a documenta\u00e7\u00e3o oficial de suporte do mesmo.<\/p>\n<p><!-- End CookieYes cookie policy --><\/p>\n<p><\/p>","protected":false},"excerpt":{"rendered":"<p>Data de entrada em vigor: 19 de fevereiro de 2026 \u00daltima atualiza\u00e7\u00e3o: 19 de fevereiro de 2026 &nbsp; O que s\u00e3o cookies? Esta Pol\u00edtica de Cookies explica o que s\u00e3o cookies, como os utilizamos, os tipos de cookies que usamos (ou seja, as informa\u00e7\u00f5es que recolhemos atrav\u00e9s dos cookies e como essas informa\u00e7\u00f5es s\u00e3o utilizadas) [&hellip;]<\/p>\n","protected":false},"author":1,"featured_media":0,"parent":0,"menu_order":0,"comment_status":"closed","ping_status":"open","template":"","meta":{"_monsterinsights_skip_tracking":false,"_monsterinsights_sitenote_active":false,"_monsterinsights_sitenote_note":"","_monsterinsights_sitenote_category":0,"footnotes":""},"class_list":["post-3","page","type-page","status-publish","hentry"],"aioseo_notices":[],"_links":{"self":[{"href":"https:\/\/grupojota.com\/en\/wp-json\/wp\/v2\/pages\/3","targetHints":{"allow":["GET"]}}],"collection":[{"href":"https:\/\/grupojota.com\/en\/wp-json\/wp\/v2\/pages"}],"about":[{"href":"https:\/\/grupojota.com\/en\/wp-json\/wp\/v2\/types\/page"}],"author":[{"embeddable":true,"href":"https:\/\/grupojota.com\/en\/wp-json\/wp\/v2\/users\/1"}],"replies":[{"embeddable":true,"href":"https:\/\/grupojota.com\/en\/wp-json\/wp\/v2\/comments?post=3"}],"version-history":[{"count":4,"href":"https:\/\/grupojota.com\/en\/wp-json\/wp\/v2\/pages\/3\/revisions"}],"predecessor-version":[{"id":49420,"href":"https:\/\/grupojota.com\/en\/wp-json\/wp\/v2\/pages\/3\/revisions\/49420"}],"wp:attachment":[{"href":"https:\/\/grupojota.com\/en\/wp-json\/wp\/v2\/media?parent=3"}],"curies":[{"name":"wp","href":"https:\/\/api.w.org\/{rel}","templated":true}]}}