{"id":27588,"date":"2025-04-26T09:19:50","date_gmt":"2025-04-26T09:19:50","guid":{"rendered":"https:\/\/wp.storebuild.shop\/agntix\/?page_id=27588"},"modified":"2026-02-19T01:28:51","modified_gmt":"2026-02-19T01:28:51","slug":"contactos","status":"publish","type":"page","link":"https:\/\/grupojota.com\/en\/contactos\/","title":{"rendered":"Contacts"},"content":{"rendered":"<div data-elementor-type=\"wp-page\" data-elementor-id=\"27588\" class=\"elementor elementor-27588\">\n\t\t\t\t<div class=\"elementor-element elementor-element-536a21e e-con-full e-flex e-con e-parent\" data-id=\"536a21e\" data-element_type=\"container\" data-e-type=\"container\" data-settings=\"{&quot;background_background&quot;:&quot;classic&quot;}\">\n\t\t<div class=\"elementor-element elementor-element-3d6839c e-flex e-con-boxed e-con e-child\" data-id=\"3d6839c\" data-element_type=\"container\" data-e-type=\"container\">\n\t\t\t\t\t<div class=\"e-con-inner\">\n\t\t\t\t<div class=\"elementor-element elementor-element-546a93c elementor-widget elementor-widget-tp-about-heading\" data-id=\"546a93c\" data-element_type=\"widget\" data-e-type=\"widget\" data-settings=\"{&quot;_animation&quot;:&quot;none&quot;,&quot;tp_anima_typesection_ani&quot;:&quot;tp_fade_anim&quot;}\" data-widget_type=\"tp-about-heading.default\">\n\t\t\t\t<div class=\"elementor-widget-container\">\n\t\t\t\t\t\t\t\t\t\t<div class=\"ar-hero-area p-relative\">\r\n\t\t\t\t<div class=\"ar-about-us-4-hero-ptb tp-el-section\">\r\n\t\t\t\t\t<div class=\"tp-el-container\">\r\n\t\t\t\t\t\t<div class=\"ar-hero-title-box  tp_fade_anim\"  data-delay=\".3\">\r\n\t\t\t\t\t\t\t\t\t\t\t\t\t\t\t<div class=\"ar-about-us-4-title-box d-flex align-items-center mb-20\">\r\n\t\t\t\t\t\t\t\t\t<span class=\"tp-section-subtitle pre tp-el-subtitle\">contacts<\/span>\r\n\r\n\t\t\t\t\t\t\t\t\t\t\t\t\t\t\t\t\t\t\t<div class=\"ar-about-us-4-icon\">\r\n\t\t\t\t\t\t\t\t\t\t\t<svg xmlns=\"http:\/\/www.w3.org\/2000\/svg\" width=\"81\" height=\"9\" viewbox=\"0 0 81 9\" fill=\"none\">\n                                                    <rect y=\"4\" width=\"80\" height=\"1\" fill=\"#fff\"><\/rect>\n                                                    <path d=\"M77 7.96366L80.5 4.48183L77 1\" stroke=\"#fff\" stroke-linecap=\"round\" stroke-linejoin=\"round\"><\/path>\n                                                <\/svg>\t\t\t\t\t\t\t\t\t\t<\/div>\r\n\t\t\t\t\t\t\t\t\t\t\t\t\t\t\t\t\t<\/div>\r\n\t\t\t\t\t\t\t\t\t\t\t\t\t\t<h2 class=\"tp-career-title pb-30 tp-el-title\">Your project <span class=\"shape-1\"><img decoding=\"async\" src=\"https:\/\/grupojota.com\/wp-content\/uploads\/2026\/02\/header-logo-2.png\" alt=\"\"><\/span> <br>start here...<\/h2>\r\n\t\t\t\t\t\t\t\t\t\t\t\t\t\t\t<p class=\"tp-el-content\">\r\n\t\t\t\t\t\t\t\t\t\n\t\t\t\t\t\t\t\t<\/p>\r\n\t\t\t\t\t\t\t\t\t\t\t\t\t<\/div>\r\n\t\t\t\t\t<\/div>\r\n\t\t\t\t<\/div>\r\n\t\t\t<\/div>\r\n\t\t\t\t\t\t<\/div>\n\t\t\t\t<\/div>\n\t\t<div class=\"elementor-element elementor-element-d44eef7 e-con-full e-flex e-con e-child\" data-id=\"d44eef7\" data-element_type=\"container\" data-e-type=\"container\">\n\t\t<div class=\"elementor-element elementor-element-10d9612 e-con-full e-flex e-con e-child\" data-id=\"10d9612\" data-element_type=\"container\" data-e-type=\"container\">\n\t\t<div class=\"elementor-element elementor-element-667ba94 e-con-full e-flex e-con e-child\" data-id=\"667ba94\" data-element_type=\"container\" data-e-type=\"container\">\n\t\t\t\t<div class=\"elementor-element elementor-element-2bb62eb elementor-widget elementor-widget-tp-heading-single\" data-id=\"2bb62eb\" data-element_type=\"widget\" data-e-type=\"widget\" data-widget_type=\"tp-heading-single.default\">\n\t\t\t\t<div class=\"elementor-widget-container\">\n\t\t\t\t\t\t\t\r\n\t\t\t<div class=\"des-project-title-box  tp-el-section tp-el-alignment\">\r\n\t\t\t\t\t\t\t\t\t<h3 class=\"tp-section-title-mango mb-0 tp-el-title\"  \t\t\t\t\t\tstyle=\"font-family: \">\r\n\t\t\t\t\t\tContact us to discover tailored solutions in home automation, security, audio, video, and lighting designed specifically for your space.\t\t\t\t\t<\/h3>\r\n\t\t\t\t\t\t\t<\/div>\r\n\r\n\t\t\t\t\t\t<\/div>\n\t\t\t\t<\/div>\n\t\t\t\t<\/div>\n\t\t\t\t<\/div>\n\t\t\t\t<\/div>\n\t\t\t\t\t<\/div>\n\t\t\t\t<\/div>\n\t\t<div class=\"elementor-element elementor-element-c470812 e-con-full e-flex e-con e-child\" data-id=\"c470812\" data-element_type=\"container\" data-e-type=\"container\">\n\t\t<div class=\"elementor-element elementor-element-9639d40 e-flex e-con-boxed e-con e-child\" data-id=\"9639d40\" data-element_type=\"container\" data-e-type=\"container\">\n\t\t\t\t\t<div class=\"e-con-inner\">\n\t\t<div class=\"elementor-element elementor-element-bd8e89a e-con-full e-flex e-con e-child\" data-id=\"bd8e89a\" data-element_type=\"container\" data-e-type=\"container\">\n\t\t\t\t<div class=\"elementor-element elementor-element-faadb52 elementor-position-inline-start elementor-mobile-position-inline-start elementor-view-default elementor-widget elementor-widget-icon-box\" data-id=\"faadb52\" data-element_type=\"widget\" data-e-type=\"widget\" data-widget_type=\"icon-box.default\">\n\t\t\t\t\t\t\t<div class=\"elementor-icon-box-wrapper\">\n\n\t\t\t\t\t\t<div class=\"elementor-icon-box-icon\">\n\t\t\t\t<a href=\"#contacto-fora\" class=\"elementor-icon\" tabindex=\"-1\" aria-label=\" Scroll Down\">\n\t\t\t\t<svg xmlns=\"http:\/\/www.w3.org\/2000\/svg\" width=\"15\" height=\"21\" viewbox=\"0 0 15 21\" fill=\"none\"><rect x=\"6.25781\" width=\"1.5\" height=\"21\" fill=\"#F5F7F5\"><\/rect><path d=\"M14.1641 13.6257C10.28 13.6257 7.13714 16.9239 7.13714 21\" stroke=\"#F5F7F5\" stroke-width=\"1.5\" stroke-miterlimit=\"10\"><\/path><path d=\"M7.13672 21C7.13672 16.9239 3.99384 13.6257 0.109797 13.6257\" stroke=\"#F5F7F5\" stroke-width=\"1.5\" stroke-miterlimit=\"10\"><\/path><\/svg>\t\t\t\t<\/a>\n\t\t\t<\/div>\n\t\t\t\n\t\t\t\t\t\t<div class=\"elementor-icon-box-content\">\n\n\t\t\t\t\t\t\t\t\t<h3 class=\"elementor-icon-box-title\">\n\t\t\t\t\t\t<a href=\"#contacto-fora\" >\n\t\t\t\t\t\t\t Scroll Down\t\t\t\t\t\t<\/a>\n\t\t\t\t\t<\/h3>\n\t\t\t\t\n\t\t\t\t\n\t\t\t<\/div>\n\t\t\t\n\t\t<\/div>\n\t\t\t\t\t\t<\/div>\n\t\t\t\t<\/div>\n\t\t<div class=\"elementor-element elementor-element-bd21425 e-con-full e-flex e-con e-child\" data-id=\"bd21425\" data-element_type=\"container\" data-e-type=\"container\">\n\t\t\t\t<\/div>\n\t\t\t\t\t<\/div>\n\t\t\t\t<\/div>\n\t\t\t\t<\/div>\n\t\t\t\t<\/div>\n\t\t<div class=\"elementor-element elementor-element-eb2817c e-con-full e-flex e-con e-parent\" data-id=\"eb2817c\" data-element_type=\"container\" data-e-type=\"container\">\n\t\t<div class=\"elementor-element elementor-element-be084fd e-flex e-con-boxed e-con e-child\" data-id=\"be084fd\" data-element_type=\"container\" data-e-type=\"container\" data-settings=\"{&quot;background_background&quot;:&quot;classic&quot;}\">\n\t\t\t\t\t<div class=\"e-con-inner\">\n\t\t<div class=\"elementor-element elementor-element-f9ee0c2 e-con-full e-flex e-con e-child\" data-id=\"f9ee0c2\" data-element_type=\"container\" data-e-type=\"container\" data-settings=\"{&quot;background_background&quot;:&quot;classic&quot;}\">\n\t\t<div class=\"elementor-element elementor-element-b4db3b5 e-con-full e-flex e-con e-child\" data-id=\"b4db3b5\" data-element_type=\"container\" data-e-type=\"container\">\n\t\t<div class=\"elementor-element elementor-element-bf3f339 e-con-full e-flex e-con e-child\" data-id=\"bf3f339\" data-element_type=\"container\" data-e-type=\"container\">\n\t\t\t\t<div class=\"elementor-element elementor-element-74cc9ba elementor-widget elementor-widget-google_maps\" data-id=\"74cc9ba\" data-element_type=\"widget\" data-e-type=\"widget\" data-widget_type=\"google_maps.default\">\n\t\t\t\t\t\t\t<div class=\"elementor-custom-embed\">\n\t\t\t<iframe loading=\"lazy\"\n\t\t\t\t\tsrc=\"https:\/\/maps.google.com\/maps?q=GrupoJota&#038;t=m&#038;z=10&#038;output=embed&#038;iwloc=near\"\n\t\t\t\t\ttitle=\"Grupojota\"\n\t\t\t\t\taria-label=\"Grupojota\"\n\t\t\t><\/iframe>\n\t\t<\/div>\n\t\t\t\t\t\t<\/div>\n\t\t\t\t<div class=\"elementor-element elementor-element-52855d3 elementor-absolute elementor-widget__width-auto e-transform elementor-widget elementor-widget-tp-icon-animate\" data-id=\"52855d3\" data-element_type=\"widget\" data-e-type=\"widget\" data-settings=\"{&quot;_position&quot;:&quot;absolute&quot;,&quot;_transform_translateX_effect&quot;:{&quot;unit&quot;:&quot;%&quot;,&quot;size&quot;:-50,&quot;sizes&quot;:[]},&quot;_transform_translateX_effect_laptop&quot;:{&quot;unit&quot;:&quot;%&quot;,&quot;size&quot;:&quot;&quot;,&quot;sizes&quot;:[]},&quot;_transform_translateX_effect_tablet_extra&quot;:{&quot;unit&quot;:&quot;%&quot;,&quot;size&quot;:&quot;&quot;,&quot;sizes&quot;:[]},&quot;_transform_translateX_effect_tablet&quot;:{&quot;unit&quot;:&quot;%&quot;,&quot;size&quot;:&quot;&quot;,&quot;sizes&quot;:[]},&quot;_transform_translateX_effect_mobile_extra&quot;:{&quot;unit&quot;:&quot;%&quot;,&quot;size&quot;:&quot;&quot;,&quot;sizes&quot;:[]},&quot;_transform_translateX_effect_mobile&quot;:{&quot;unit&quot;:&quot;%&quot;,&quot;size&quot;:&quot;&quot;,&quot;sizes&quot;:[]},&quot;_transform_translateY_effect&quot;:{&quot;unit&quot;:&quot;%&quot;,&quot;size&quot;:50,&quot;sizes&quot;:[]},&quot;_transform_translateY_effect_laptop&quot;:{&quot;unit&quot;:&quot;%&quot;,&quot;size&quot;:&quot;&quot;,&quot;sizes&quot;:[]},&quot;_transform_translateY_effect_tablet_extra&quot;:{&quot;unit&quot;:&quot;%&quot;,&quot;size&quot;:&quot;&quot;,&quot;sizes&quot;:[]},&quot;_transform_translateY_effect_tablet&quot;:{&quot;unit&quot;:&quot;%&quot;,&quot;size&quot;:&quot;&quot;,&quot;sizes&quot;:[]},&quot;_transform_translateY_effect_mobile_extra&quot;:{&quot;unit&quot;:&quot;%&quot;,&quot;size&quot;:&quot;&quot;,&quot;sizes&quot;:[]},&quot;_transform_translateY_effect_mobile&quot;:{&quot;unit&quot;:&quot;%&quot;,&quot;size&quot;:&quot;&quot;,&quot;sizes&quot;:[]},&quot;_transform_translateX_effect_widescreen&quot;:{&quot;unit&quot;:&quot;px&quot;,&quot;size&quot;:&quot;&quot;,&quot;sizes&quot;:[]},&quot;_transform_translateY_effect_widescreen&quot;:{&quot;unit&quot;:&quot;px&quot;,&quot;size&quot;:&quot;&quot;,&quot;sizes&quot;:[]}}\" data-widget_type=\"tp-icon-animate.default\">\n\t\t\t\t<div class=\"elementor-widget-container\">\n\t\t\t\t\t\r\n        \r\n\r\n            <div class=\"tp-el-section\">\r\n                <div class=\"tp-contact-map-icon\">\r\n                    <span><img decoding=\"async\" src=\"https:\/\/grupojota.com\/wp-content\/uploads\/2025\/04\/map-icon-1.svg\" alt=\"\"><\/span>\r\n                <\/div>\r\n            <\/div>\r\n\r\n\r\n        \t\t\t\t<\/div>\n\t\t\t\t<\/div>\n\t\t\t\t<\/div>\n\t\t\t\t<\/div>\n\t\t<div class=\"elementor-element elementor-element-165c5ef e-con-full e-flex e-con e-child\" data-id=\"165c5ef\" data-element_type=\"container\" data-e-type=\"container\">\n\t\t\t\t<div class=\"elementor-element elementor-element-7c6f07a elementor-widget elementor-widget-menu-anchor\" data-id=\"7c6f07a\" data-element_type=\"widget\" data-e-type=\"widget\" data-widget_type=\"menu-anchor.default\">\n\t\t\t\t\t\t\t<div class=\"elementor-menu-anchor\" id=\"contacto-fora\"><\/div>\n\t\t\t\t\t\t<\/div>\n\t\t\t\t<div class=\"elementor-element elementor-element-9fafafb elementor-widget elementor-widget-heading\" data-id=\"9fafafb\" data-element_type=\"widget\" data-e-type=\"widget\" data-widget_type=\"heading.default\">\n\t\t\t\t\t<h2 class=\"elementor-heading-title elementor-size-default\">Request Information <\/h2>\t\t\t\t<\/div>\n\t\t\t\t<div class=\"elementor-element elementor-element-6d00a19 elementor-widget elementor-widget-shortcode\" data-id=\"6d00a19\" data-element_type=\"widget\" data-e-type=\"widget\" data-widget_type=\"shortcode.default\">\n\t\t\t\t\t\t\t<div class=\"elementor-shortcode\">\n<div class=\"wpcf7 no-js\" id=\"wpcf7-f27876-o1\" lang=\"en-US\" dir=\"ltr\" data-wpcf7-id=\"27876\">\n<div class=\"screen-reader-response\"><p role=\"status\" aria-live=\"polite\" aria-atomic=\"true\"><\/p> <ul><\/ul><\/div>\n<form action=\"\/en\/wp-json\/wp\/v2\/pages\/27588#wpcf7-f27876-o1\" method=\"post\" class=\"wpcf7-form init\" aria-label=\"Contact form\" novalidate=\"novalidate\" data-status=\"init\" data-trp-original-action=\"\/en\/wp-json\/wp\/v2\/pages\/27588#wpcf7-f27876-o1\">\n<fieldset class=\"hidden-fields-container\"><input type=\"hidden\" name=\"_wpcf7\" value=\"27876\" \/><input type=\"hidden\" name=\"_wpcf7_version\" value=\"6.1.5\" \/><input type=\"hidden\" name=\"_wpcf7_locale\" value=\"en_US\" \/><input type=\"hidden\" name=\"_wpcf7_unit_tag\" value=\"wpcf7-f27876-o1\" \/><input type=\"hidden\" name=\"_wpcf7_container_post\" value=\"0\" \/><input type=\"hidden\" name=\"_wpcf7_posted_data_hash\" value=\"\" \/><input type=\"hidden\" name=\"_wpcf7_recaptcha_response\" value=\"\" \/>\n<\/fieldset>\n<div class=\"tp-contact-us-wrap p-0\">        \n        <div class=\"row\">\n            <div class=\"col-lg-6\">\n                <div class=\"tp-contact-form-input mb-20\">\n                    <label>Name*<\/label>\n<span class=\"wpcf7-form-control-wrap\" data-name=\"text-882\"><input size=\"40\" maxlength=\"400\" class=\"wpcf7-form-control wpcf7-text\" aria-invalid=\"false\" value=\"\" type=\"text\" name=\"text-882\" \/><\/span>\n                <\/div>\n            <\/div>\n            <div class=\"col-lg-6\">\n                <div class=\"tp-contact-form-input mb-20\">\n                    <label>Email*<\/label>\n<span class=\"wpcf7-form-control-wrap\" data-name=\"email-459\"><input size=\"40\" maxlength=\"400\" class=\"wpcf7-form-control wpcf7-email wpcf7-text wpcf7-validates-as-email\" aria-invalid=\"false\" value=\"\" type=\"email\" name=\"email-459\" \/><\/span>\n                <\/div>\n            <\/div>\n            <div class=\"col-lg-12\">\n               <div class=\"tp-contact-form-input mb-20\">\n                    <label>Subject<\/label>\n                    <span class=\"wpcf7-form-control-wrap\" data-name=\"subject\"><select class=\"wpcf7-form-control wpcf7-select wpcf7-validates-as-required tp-contact-form-input mb-20\" aria-required=\"true\" aria-invalid=\"false\" name=\"subject\"><option value=\"\">&#8212;Please choose an option&#8212;<\/option><option value=\"Solicita\u00e7\u00e3o de Or\u00e7amento\">Request a Quote<\/option><option value=\"Quero juntar-me \u00e0 vossa equipa\">I would like to join your team.<\/option><option value=\"Agendar visita\">Schedule a Visit<\/option><option value=\"Gostaria de ser contactado\">Request a callback<\/option><\/select><\/span>\n               <\/div>\n            <\/div>\n            <div class=\"col-lg-12\">\n                <div class=\"tp-contact-form-input mb-20\">\n                    <label>How can we help you?*\n                    <\/label>\n<span class=\"wpcf7-form-control-wrap\" data-name=\"textarea-455\"><textarea cols=\"40\" rows=\"10\" maxlength=\"2000\" class=\"wpcf7-form-control wpcf7-textarea\" aria-invalid=\"false\" name=\"textarea-455\"><\/textarea><\/span>\n                <\/div>\n                <div class=\"tp-contact-form-btn\">\n                    <button class=\"w-100\" type=\"submit\"><span>\n                            <span class=\"text-1\">Send Message<\/span>\n                            <span class=\"text-2\">Send Message<\/span>\n                        <\/span>\n                    <\/button>\n                    <p class=\"ajax-response text-white mt-5\"><\/p>\n                <\/div>\n            <\/div>\n        <\/div>\n<\/div><div class=\"wpcf7-response-output\" aria-hidden=\"true\"><\/div>\n<input type=\"hidden\" name=\"trp-form-language\" value=\"en\"\/><\/form>\n<\/div>\n<\/div>\n\t\t\t\t\t\t<\/div>\n\t\t\t\t<\/div>\n\t\t\t\t<\/div>\n\t\t\t\t\t<\/div>\n\t\t\t\t<\/div>\n\t\t\t\t<\/div>\n\t\t<div class=\"elementor-element elementor-element-99cdd72 e-flex e-con-boxed e-con e-parent\" data-id=\"99cdd72\" data-element_type=\"container\" data-e-type=\"container\">\n\t\t\t\t\t<div class=\"e-con-inner\">\n\t\t<div class=\"elementor-element elementor-element-2bb6861 e-flex e-con-boxed e-con e-child\" data-id=\"2bb6861\" data-element_type=\"container\" data-e-type=\"container\">\n\t\t\t\t\t<div class=\"e-con-inner\">\n\t\t<div class=\"elementor-element elementor-element-1bc10bd e-con-full e-flex e-con e-child\" data-id=\"1bc10bd\" data-element_type=\"container\" data-e-type=\"container\" data-settings=\"{&quot;background_background&quot;:&quot;classic&quot;}\">\n\t\t\t\t<div class=\"elementor-element elementor-element-0c610e1 elementor-widget-tablet_extra__width-initial elementor-widget__width-initial elementor-widget-tablet__width-inherit elementor-widget elementor-widget-tp-heading-single\" data-id=\"0c610e1\" data-element_type=\"widget\" data-e-type=\"widget\" data-widget_type=\"tp-heading-single.default\">\n\t\t\t\t<div class=\"elementor-widget-container\">\n\t\t\t\t\t\t\t\r\n\t\t\t<div class=\"des-project-title-box  tp-el-section tp-el-alignment\">\r\n\t\t\t\t\t\t\t\t\t<h3 class=\"tp-section-title-mango mb-0 tp-el-title\"  \t\t\t\t\t\tstyle=\"font-family: \">\r\n\t\t\t\t\t\tYou can also contact one of our offices directly below. Our team will respond within 24 hours.\t\t\t\t\t<\/h3>\r\n\t\t\t\t\t\t\t<\/div>\r\n\r\n\t\t\t\t\t\t<\/div>\n\t\t\t\t<\/div>\n\t\t\t\t<\/div>\n\t\t\t\t\t<\/div>\n\t\t\t\t<\/div>\n\t\t\t\t\t<\/div>\n\t\t\t\t<\/div>\n\t\t<div class=\"elementor-element elementor-element-a8fc985 e-flex e-con-boxed e-con e-parent\" data-id=\"a8fc985\" data-element_type=\"container\" data-e-type=\"container\">\n\t\t\t\t\t<div class=\"e-con-inner\">\n\t\t<div class=\"elementor-element elementor-element-60b5951 e-flex e-con-boxed e-con e-child\" data-id=\"60b5951\" data-element_type=\"container\" data-e-type=\"container\">\n\t\t\t\t\t<div class=\"e-con-inner\">\n\t\t<div class=\"elementor-element elementor-element-198d8e0 e-con-full e-flex e-con e-child\" data-id=\"198d8e0\" data-element_type=\"container\" data-e-type=\"container\">\n\t\t\t\t<div class=\"elementor-element elementor-element-2cf97f5 elementor-widget elementor-widget-tp-contact-link\" data-id=\"2cf97f5\" data-element_type=\"widget\" data-e-type=\"widget\" data-widget_type=\"tp-contact-link.default\">\n\t\t\t\t<div class=\"elementor-widget-container\">\n\t\t\t\t\t\r\n\t\t\r\n\t\t\t<div class=\"tp-contact-us-content text-center tp-el-section\" data-speed=\"1.2\">\r\n\t\t\t\t\t\t\t\t\t<div class=\"tp-contact-us-thumb d-flex justify-content-center\">\r\n\t\t\t\t\t\t<img decoding=\"async\" src=\"https:\/\/grupojota.com\/wp-content\/uploads\/2026\/02\/cascais.jpg\" alt=\"\">\r\n\t\t\t\t\t<\/div>\r\n\t\t\t\t\r\n\t\t\t\t<div class=\"tp-contact-us-bottom\">\r\n\t\t\t\t\t<div class=\"tp-contact-us-info-details tp-el-info\">\r\n\r\n\t\t\t\t\t\t\t\t\t\t\t\t\t<h4 class=\"tp-contact-us-info-title tp-el-title\">\r\n\t\t\t\t\t\t\t\tCascais\t\t\t\t\t\t\t<\/h4>\r\n\t\t\t\t\t\t\r\n\t\t\t\t\t\t\t\t\t\t\t\t\t <a href=\"mailto:grupojota@grupojota.com\">grupojota@grupojota.com<\/a>\n<a href=\"tel:+351253284311\">(+351) 253 284 311<\/a>\t\t\t\t\t\t\t\t\t\t\t<\/div>\r\n\r\n\t\t\t\t\t<div class=\"tp-contact-us-btn\">\r\n\t\t\t\t\t\t<a class=\"tp-btn-yellow-green w-100 tp-el-btn\" href=\"https:\/\/www.google.com\/maps\/dir\/\/Grupojota+-+Cascais,+Av.+Eng.+Adelino+Amaro+da+Costa+1586,+2750-343+Cascais\/@41.2902552,-7.7525361,15z\/data=!4m8!4m7!1m0!1m5!1m1!1s0xd1ec552f0a12dc1:0x6542e84691dde83a!2m2!1d-9.4369572!2d38.7115428?hl=en&amp;entry=ttu&amp;g_ep=EgoyMDI2MDIwNC4wIKXMDSoASAFQAw%3D%3D\" target=\"\" rel=\"\">\r\n\t\t\t\t\t\t\t<span>\r\n\t\t\t\t\t\t\t\t<span class=\"text-1\">See Location<\/span>\r\n\t\t\t\t\t\t\t\t<span class=\"text-2\">See Location<\/span>\r\n\t\t\t\t\t\t\t<\/span>\r\n\t\t\t\t\t\t<\/a>\r\n\t\t\t\t\t<\/div>\r\n\t\t\t\t<\/div>\r\n\t\t\t<\/div>\r\n\t\t\t\r\n\t\t\t\t\t\t<\/div>\n\t\t\t\t<\/div>\n\t\t\t\t<\/div>\n\t\t<div class=\"elementor-element elementor-element-0e9abe8 e-con-full e-flex e-con e-child\" data-id=\"0e9abe8\" data-element_type=\"container\" data-e-type=\"container\">\n\t\t\t\t<div class=\"elementor-element elementor-element-3133c97 elementor-widget elementor-widget-tp-contact-link\" data-id=\"3133c97\" data-element_type=\"widget\" data-e-type=\"widget\" data-widget_type=\"tp-contact-link.default\">\n\t\t\t\t<div class=\"elementor-widget-container\">\n\t\t\t\t\t\r\n\t\t\r\n\t\t\t<div class=\"tp-contact-us-content text-center tp-el-section\" data-speed=\"0.9\">\r\n\t\t\t\t\t\t\t\t\t<div class=\"tp-contact-us-thumb d-flex justify-content-center\">\r\n\t\t\t\t\t\t<img decoding=\"async\" src=\"https:\/\/grupojota.com\/wp-content\/uploads\/2026\/02\/Braga.jpg\" alt=\"\">\r\n\t\t\t\t\t<\/div>\r\n\t\t\t\t\r\n\t\t\t\t<div class=\"tp-contact-us-bottom\">\r\n\t\t\t\t\t<div class=\"tp-contact-us-info-details tp-el-info\">\r\n\r\n\t\t\t\t\t\t\t\t\t\t\t\t\t<h4 class=\"tp-contact-us-info-title tp-el-title\">\r\n\t\t\t\t\t\t\t\tBraga - Sede\t\t\t\t\t\t\t<\/h4>\r\n\t\t\t\t\t\t\r\n\t\t\t\t\t\t\t\t\t\t\t\t\t <a href=\"mailto:grupojota@grupojota.com\">grupojota@grupojota.com<\/a>\n<a href=\"tel:+351253284311\">(+351) 253 284 311<\/a>\t\t\t\t\t\t\t\t\t\t\t<\/div>\r\n\r\n\t\t\t\t\t<div class=\"tp-contact-us-btn\">\r\n\t\t\t\t\t\t<a class=\"tp-btn-yellow-green w-100 tp-el-btn\" href=\"https:\/\/www.google.com\/maps\" target=\"\" rel=\"\">\r\n\t\t\t\t\t\t\t<span>\r\n\t\t\t\t\t\t\t\t<span class=\"text-1\">See Location<\/span>\r\n\t\t\t\t\t\t\t\t<span class=\"text-2\">See Location<\/span>\r\n\t\t\t\t\t\t\t<\/span>\r\n\t\t\t\t\t\t<\/a>\r\n\t\t\t\t\t<\/div>\r\n\t\t\t\t<\/div>\r\n\t\t\t<\/div>\r\n\t\t\t\r\n\t\t\t\t\t\t<\/div>\n\t\t\t\t<\/div>\n\t\t\t\t<\/div>\n\t\t<div class=\"elementor-element elementor-element-e74a035 e-con-full e-flex e-con e-child\" data-id=\"e74a035\" data-element_type=\"container\" data-e-type=\"container\">\n\t\t\t\t<div class=\"elementor-element elementor-element-bf92b8f elementor-widget elementor-widget-tp-contact-link\" data-id=\"bf92b8f\" data-element_type=\"widget\" data-e-type=\"widget\" data-widget_type=\"tp-contact-link.default\">\n\t\t\t\t<div class=\"elementor-widget-container\">\n\t\t\t\t\t\r\n\t\t\r\n\t\t\t<div class=\"tp-contact-us-content text-center tp-el-section\" data-speed=\"1.2\">\r\n\t\t\t\t\t\t\t\t\t<div class=\"tp-contact-us-thumb d-flex justify-content-center\">\r\n\t\t\t\t\t\t<img decoding=\"async\" src=\"https:\/\/grupojota.com\/wp-content\/uploads\/2026\/02\/Algarve.jpg\" alt=\"\">\r\n\t\t\t\t\t<\/div>\r\n\t\t\t\t\r\n\t\t\t\t<div class=\"tp-contact-us-bottom\">\r\n\t\t\t\t\t<div class=\"tp-contact-us-info-details tp-el-info\">\r\n\r\n\t\t\t\t\t\t\t\t\t\t\t\t\t<h4 class=\"tp-contact-us-info-title tp-el-title\">\r\n\t\t\t\t\t\t\t\tAlgarve\t\t\t\t\t\t\t<\/h4>\r\n\t\t\t\t\t\t\r\n\t\t\t\t\t\t\t\t\t\t\t\t\t <a href=\"mailto:grupojota@grupojota.com\">grupojota@grupojota.com<\/a>\n<a href=\"tel:+351253284311\">(+351) 253 284 311<\/a>\t\t\t\t\t\t\t\t\t\t\t<\/div>\r\n\r\n\t\t\t\t\t<div class=\"tp-contact-us-btn\">\r\n\t\t\t\t\t\t<a class=\"tp-btn-yellow-green w-100 tp-el-btn\" href=\"https:\/\/www.google.com\/maps\" target=\"\" rel=\"\">\r\n\t\t\t\t\t\t\t<span>\r\n\t\t\t\t\t\t\t\t<span class=\"text-1\">See Location<\/span>\r\n\t\t\t\t\t\t\t\t<span class=\"text-2\">See Location<\/span>\r\n\t\t\t\t\t\t\t<\/span>\r\n\t\t\t\t\t\t<\/a>\r\n\t\t\t\t\t<\/div>\r\n\t\t\t\t<\/div>\r\n\t\t\t<\/div>\r\n\t\t\t\r\n\t\t\t\t\t\t<\/div>\n\t\t\t\t<\/div>\n\t\t\t\t<\/div>\n\t\t\t\t\t<\/div>\n\t\t\t\t<\/div>\n\t\t\t\t\t<\/div>\n\t\t\t\t<\/div>\n\t\t\t\t<\/div>","protected":false},"excerpt":{"rendered":"<p>contactos O seu projeto come\u00e7a aqui&#8230; Fale connosco para descobrir solu\u00e7\u00f5es de dom\u00f3tica, seguran\u00e7a, \u00e1udio, imagem e ilumina\u00e7\u00e3o pensadas \u00e0 medida do seu espa\u00e7o. Scroll para explorar PE\u00c7A INFORMA\u00c7\u00d5ES Tamb\u00e9m pode falar diretamente com um dos nossos escrit\u00f3rios abaixo. A nossa equipa responder\u00e1 no prazo de 24 horas. Cascais grupojota@grupojota.com (+351) 253 284 311 Ver [&hellip;]<\/p>\n","protected":false},"author":1,"featured_media":0,"parent":0,"menu_order":0,"comment_status":"closed","ping_status":"closed","template":"elementor_header_footer","meta":{"_monsterinsights_skip_tracking":false,"_monsterinsights_sitenote_active":false,"_monsterinsights_sitenote_note":"","_monsterinsights_sitenote_category":0,"footnotes":""},"class_list":["post-27588","page","type-page","status-publish","hentry"],"aioseo_notices":[],"_links":{"self":[{"href":"https:\/\/grupojota.com\/en\/wp-json\/wp\/v2\/pages\/27588","targetHints":{"allow":["GET"]}}],"collection":[{"href":"https:\/\/grupojota.com\/en\/wp-json\/wp\/v2\/pages"}],"about":[{"href":"https:\/\/grupojota.com\/en\/wp-json\/wp\/v2\/types\/page"}],"author":[{"embeddable":true,"href":"https:\/\/grupojota.com\/en\/wp-json\/wp\/v2\/users\/1"}],"replies":[{"embeddable":true,"href":"https:\/\/grupojota.com\/en\/wp-json\/wp\/v2\/comments?post=27588"}],"version-history":[{"count":18,"href":"https:\/\/grupojota.com\/en\/wp-json\/wp\/v2\/pages\/27588\/revisions"}],"predecessor-version":[{"id":49384,"href":"https:\/\/grupojota.com\/en\/wp-json\/wp\/v2\/pages\/27588\/revisions\/49384"}],"wp:attachment":[{"href":"https:\/\/grupojota.com\/en\/wp-json\/wp\/v2\/media?parent=27588"}],"curies":[{"name":"wp","href":"https:\/\/api.w.org\/{rel}","templated":true}]}}